{"id":6529,"date":"2025-12-15T16:26:02","date_gmt":"2025-12-15T16:26:02","guid":{"rendered":"https:\/\/endoline-automation.com\/datenschutzerklaerung\/"},"modified":"2026-05-14T11:26:32","modified_gmt":"2026-05-14T11:26:32","slug":"datenschutzerklaerung","status":"publish","type":"page","link":"https:\/\/endoline-automation.com\/de\/datenschutzerklaerung\/","title":{"rendered":"Datenschutzerkl\u00e4rung"},"content":{"rendered":"\t\t<div data-elementor-type=\"wp-page\" data-elementor-id=\"6529\" class=\"elementor elementor-6529 elementor-1494\" data-elementor-post-type=\"page\">\n\t\t\t\t<div class=\"elementor-element elementor-element-243e02d6 e-flex e-con-boxed e-con e-parent\" data-id=\"243e02d6\" data-element_type=\"container\" data-e-type=\"container\" data-settings=\"{&quot;background_background&quot;:&quot;classic&quot;}\">\n\t\t\t\t\t<div class=\"e-con-inner\">\n\t\t\t\t<div class=\"elementor-element elementor-element-1971cec1 elementor-widget__width-inherit elementor-invisible elementor-widget elementor-widget-heading\" data-id=\"1971cec1\" data-element_type=\"widget\" data-e-type=\"widget\" data-settings=\"{&quot;_animation&quot;:&quot;fadeIn&quot;}\" data-widget_type=\"heading.default\">\n\t\t\t\t\t<h1 class=\"elementor-heading-title elementor-size-default\">Datenschutzerkl\u00e4rung<\/h1>\t\t\t\t<\/div>\n\t\t\t\t<div class=\"elementor-element elementor-element-2af92313 elementor-icon-list--layout-inline elementor-align-start elementor-list-item-link-full_width elementor-invisible elementor-widget elementor-widget-icon-list\" data-id=\"2af92313\" data-element_type=\"widget\" data-e-type=\"widget\" data-settings=\"{&quot;_animation&quot;:&quot;fadeIn&quot;,&quot;_animation_delay&quot;:200}\" data-widget_type=\"icon-list.default\">\n\t\t\t\t\t\t\t<ul class=\"elementor-icon-list-items elementor-inline-items\">\n\t\t\t\t\t\t\t<li class=\"elementor-icon-list-item elementor-inline-item\">\n\t\t\t\t\t\t\t\t\t\t\t<a href=\"https:\/\/endoline-automation.com\/de\/\">\n\n\t\t\t\t\t\t\t\t\t\t\t<span class=\"elementor-icon-list-text\">Startseite<\/span>\n\t\t\t\t\t\t\t\t\t\t\t<\/a>\n\t\t\t\t\t\t\t\t\t<\/li>\n\t\t\t\t\t\t\t\t<li class=\"elementor-icon-list-item elementor-inline-item\">\n\t\t\t\t\t\t\t\t\t\t\t<a href=\"https:\/\/endoline-automation.com\/de\/datenschutzerklaerung\/\">\n\n\t\t\t\t\t\t\t\t\t\t\t\t<span class=\"elementor-icon-list-icon\">\n\t\t\t\t\t\t\t<i aria-hidden=\"true\" class=\"icon icon-arrow-right\"><\/i>\t\t\t\t\t\t<\/span>\n\t\t\t\t\t\t\t\t\t\t<span class=\"elementor-icon-list-text\">Datenschutzerkl\u00e4rung<\/span>\n\t\t\t\t\t\t\t\t\t\t\t<\/a>\n\t\t\t\t\t\t\t\t\t<\/li>\n\t\t\t\t\t\t<\/ul>\n\t\t\t\t\t\t<\/div>\n\t\t\t\t\t<\/div>\n\t\t\t\t<\/div>\n\t\t<div class=\"elementor-element elementor-element-fe2febd e-flex e-con-boxed e-con e-parent\" data-id=\"fe2febd\" data-element_type=\"container\" data-e-type=\"container\">\n\t\t\t\t\t<div class=\"e-con-inner\">\n\t\t\t\t<div class=\"elementor-element elementor-element-a373e4a elementor-widget elementor-widget-text-editor\" data-id=\"a373e4a\" data-element_type=\"widget\" data-e-type=\"widget\" data-widget_type=\"text-editor.default\">\n\t\t\t\t\t\t\t\t\t<h6 data-path-to-node=\"0\">Datenschutzrichtlinie von Endoline Machinery Ltd<\/h6><p data-path-to-node=\"1\"><b>Wirksamkeitsdatum:<\/b> 15. Dezember 2025 <b>Zuletzt aktualisiert:<\/b> 15. Dezember 2025<\/p><p data-path-to-node=\"2\">Endoline Machinery Ltd (&#8222;<b>Wir<\/b>&#8222;, &#8222;<b>Wir<\/b>&#8222;, &#8222;<b>Uns<\/b>&#8222;) verpflichtet sich, Ihre Privatsph\u00e4re zu sch\u00fctzen und zu respektieren. Wir erf\u00fcllen alle geltenden Anforderungen der Datenschutzgesetze, einschlie\u00dflich der britischen Datenschutzverordnung (UK DSGVO), des Datenschutzgesetzes 2018 und anderer relevanter internationaler Datenschutzgesetze. <\/p><p data-path-to-node=\"3\">Diese Richtlinie legt die Grundlage fest, auf der alle <b>personenbezogenen Daten<\/b> , die wir von Ihnen sammeln oder die Sie uns zur Verf\u00fcgung stellen (sei es \u00fcber unsere Website bei <b><a class=\"ng-star-inserted\" href=\"https:\/\/www.endoline-automation.com\" target=\"_blank\" rel=\"noopener\" data-hveid=\"4\">www.endoline-automation.com<\/a><\/b> oder anderweitig), von uns verarbeitet werden. Indem Sie unsere Website besuchen und\/oder uns Ihre pers\u00f6nlichen Daten bereitstellen, akzeptieren und stimmen Sie den in dieser Richtlinie beschriebenen Praktiken zu. <\/p><hr data-path-to-node=\"4\"><h6 data-path-to-node=\"5\">1. Kontaktdaten f\u00fcr Datenschutzanliegen (Der Datenverantwortliche)<\/h6><p data-path-to-node=\"6\">Endoline Machinery Ltd ist der Datenverantwortliche f\u00fcr die personenbezogenen Daten, die Sie uns zur Verf\u00fcgung stellen. Unsere Kontaktdaten f\u00fcr alle Datenschutz- und Datenschutzangelegenheiten sind: <\/p><ul data-path-to-node=\"7\"><li><p data-path-to-node=\"7,0,0\"><b>Rechtsk\u00f6rper:<\/b> Endoline Machinery Ltd<\/p><\/li><li><p data-path-to-node=\"7,1,0\"><b>Adresse:<\/b> Stratton Business Park, London Road, Biggleswade, Bedfordshire, SG18 8QB, Gro\u00dfbritannien<\/p><\/li><li><p data-path-to-node=\"7,2,0\"><b>E-Mail zur Privatsph\u00e4re:<\/b> <b>sales@endoline-automation.com<\/b><\/p><\/li><li><p data-path-to-node=\"7,3,0\"><b>Telefon:<\/b> <b>+44(0)1767 316422<\/b><\/p><\/li><\/ul><hr data-path-to-node=\"8\"><h6 data-path-to-node=\"9\">2. Die personenbezogenen Daten, die wir sammeln<\/h6><p data-path-to-node=\"10\">Wir k\u00f6nnen verschiedene Arten von personenbezogenen Daten \u00fcber Sie sammeln, verwenden, speichern und \u00fcbertragen. Dies umfasst, ist aber nicht beschr\u00e4nkt auf: <\/p><ul data-path-to-node=\"11\"><li><p data-path-to-node=\"11,0,0\"><b>Identit\u00e4tsdaten:<\/b> Dein Name, Titel, Firmenname und Berufsbezeichnung.<\/p><\/li><li><p data-path-to-node=\"11,1,0\"><b>Kontaktdaten:<\/b> Rechnungsadresse, Lieferadresse, E-Mail-Adresse und Telefonnummern.<\/p><\/li><li><p data-path-to-node=\"11,2,0\"><b>Finanzdaten:<\/b> Bankkontodaten f\u00fcr Zahlungen\/R\u00fcckerstattungen, Kreditstatus und Zahlungskartendaten (\u00fcber sichere Drittanbieter abgewickelt).<\/p><\/li><li><p data-path-to-node=\"11,3,0\"><b>Transaktionsdaten:<\/b> Details zu Zahlungen an und von Ihnen sowie weitere Details zu Produkten und Dienstleistungen, die Sie bei uns gekauft haben.<\/p><\/li><li><p data-path-to-node=\"11,4,0\"><b>Technische Daten:<\/b> Internetprotokoll (IP)-Adresse, Anmeldedaten, Browsertyp und -version, Zeitzoneneinstellung und -standort, Betriebssystem und Plattform sowie weitere Technologien auf den Ger\u00e4ten, die Sie zum Zugriff auf diese Website verwenden.<\/p><\/li><li><p data-path-to-node=\"11,5,0\"><b>Profildaten:<\/b> K\u00e4ufe oder Bestellungen von dir, deine Interessen, Vorlieben und R\u00fcckmeldungen.<\/p><\/li><li><p data-path-to-node=\"11,6,0\"><b>Nutzungsdaten:<\/b> Informationen dar\u00fcber, wie Sie unsere Website, Produkte und Dienstleistungen nutzen (z. B. Klicks, Besuchsdauer, angesehene Produkte).<\/p><\/li><li><p data-path-to-node=\"11,7,0\"><b>Marketing- und Kommunikationsdaten:<\/b> Ihre Pr\u00e4ferenzen beim Erhalt von unserem Marketing und Ihre Kommunikationspr\u00e4ferenzen.<\/p><\/li><\/ul><p data-path-to-node=\"12\">Wir erheben auch <b>aggregierte Daten (wie statistische<\/b> oder demografische Daten). Diese Daten sind anonymisiert und geben weder direkt noch indirekt Ihre Identit\u00e4t preis. <\/p><hr data-path-to-node=\"13\"><h6 data-path-to-node=\"14\">3. Die rechtm\u00e4\u00dfige Grundlage f\u00fcr die Verarbeitung Ihrer personenbezogenen Daten<\/h6><p data-path-to-node=\"15\">Nach Datenschutzgesetzen m\u00fcssen wir eine rechtliche Grundlage haben, um Ihre pers\u00f6nlichen Daten zu verarbeiten. Wir verlassen uns auf Folgendes: <\/p><ul data-path-to-node=\"16\"><li><p data-path-to-node=\"16,0,0\"><b>Vertragliche Verpflichtung:<\/b> Eine Bearbeitung ist notwendig f\u00fcr die Erf\u00fcllung eines Vertrags, an dem Sie beteiligt sind (z. B. die Erf\u00fcllung Ihrer Produktbestellung oder die Bereitstellung eines Angebots).<\/p><\/li><li><p data-path-to-node=\"16,1,0\"><b>Rechtm\u00e4\u00dfiges Interesse:<\/b> Die Verarbeitung ist notwendig f\u00fcr unsere legitimen Interessen (oder die eines Dritten), sofern Ihre Interessen diese Interessen nicht \u00fcberwiegen, (z. B. Verbesserung unserer Produkte, Netzwerksicherheit oder Vermarktung \u00e4hnlicher Produkte f\u00fcr bestehende Kunden).<\/p><\/li><li><p data-path-to-node=\"16,2,0\"><b>Rechtliche Verpflichtung:<\/b> Die Bearbeitung ist notwendig, um eine rechtliche Verpflichtung zu erf\u00fcllen (z. B. steuerliche oder buchhalterische Anforderungen).<\/p><\/li><li><p data-path-to-node=\"16,3,0\"><b>Einwilligung:<\/b> Sie haben eine klare Zustimmung gegeben, dass wir Ihre personenbezogenen Daten f\u00fcr einen bestimmten Zweck verarbeiten d\u00fcrfen (z. B. die Anmeldung f\u00fcr einen Newsletter). Sie k\u00f6nnen diese Zustimmung jederzeit widerrufen. <\/p><\/li><\/ul><hr data-path-to-node=\"17\"><h6 data-path-to-node=\"18\">4. Verwendung Ihrer pers\u00f6nlichen Daten<\/h6><p data-path-to-node=\"19\">Wir verwenden Ihre pers\u00f6nlichen Daten f\u00fcr folgende Zwecke:<\/p><ul data-path-to-node=\"20\"><li><p data-path-to-node=\"20,0,0\"><b>Bestellen Sie die Erf\u00fcllung:<\/b> Um Ihre Bestellungen zu bearbeiten und zuzustellen, Zahlungen, Geb\u00fchren und Geb\u00fchren zu verwalten.<\/p><\/li><li><p data-path-to-node=\"20,1,0\"><b>Anfrage und Zitat:<\/b> Um unsere Beziehung zu Ihnen zu verwalten, auf Anfragen zu antworten und Sie \u00fcber \u00c4nderungen unserer Bedingungen oder Richtlinien zu informieren.<\/p><\/li><li><p data-path-to-node=\"20,2,0\"><b>Website und Gesch\u00e4ftsbetrieb:<\/b> Verwaltung und Schutz unseres Gesch\u00e4fts und unserer Website, einschlie\u00dflich Fehlerbehebung, Systemwartung und Datenhosting.<\/p><\/li><li><p data-path-to-node=\"20,3,0\"><b>Marketing &amp; Promotion:<\/b> Um Ihnen Werbeinformationen \u00fcber Waren und Dienstleistungen zu senden, die denen \u00e4hneln, die Sie bereits gekauft oder angesprochen haben, sofern Sie sich nicht mehr entschieden haben.<\/p><\/li><li><p data-path-to-node=\"20,4,0\"><b>Personalisierung und Verbesserung:<\/b> Datenanalyse zu nutzen, um unsere Website, Produkte\/Dienstleistungen und Kundenerlebnisse zu verbessern.<\/p><\/li><li><p data-path-to-node=\"20,5,0\"><b>Compliance:<\/b> Um rechtlichen und regulatorischen Verpflichtungen nachzukommen, denen wir unterliegen.<\/p><\/li><\/ul><hr data-path-to-node=\"21\"><h6 data-path-to-node=\"22\">5. Internationale Daten\u00fcbertragungen<\/h6><p data-path-to-node=\"23\">Als internationales Unternehmen k\u00f6nnen die von uns gesammelten personenbezogenen Daten an einen Ort au\u00dferhalb des Vereinigten K\u00f6nigreichs und des Europ\u00e4ischen Wirtschaftsraums (EWR) \u00fcbertragen und dort gespeichert werden, um Ihre Bestellung zu erf\u00fcllen, Zahlungsdaten zu verarbeiten oder Unterst\u00fctzungsleistungen anzubieten.<\/p><p data-path-to-node=\"24\">Wann immer wir Ihre pers\u00f6nlichen Daten aus dem Vereinigten K\u00f6nigreich\/EWR \u00fcbertragen, ergreifen wir Schutzma\u00dfnahmen, um einen \u00e4hnlichen Schutzgrad zu gew\u00e4hrleisten:<\/p><ul data-path-to-node=\"25\"><li><p data-path-to-node=\"25,0,0\">Daten\u00fcbertragung an L\u00e4nder, die von den zust\u00e4ndigen Regulierungsbeh\u00f6rden als ausreichend gesch\u00fctzt angesehen werden.<\/p><\/li><li><p data-path-to-node=\"25,1,0\">Verwendung spezifischer Vertr\u00e4ge, die f\u00fcr die Nutzung im Vereinigten K\u00f6nigreich\/EWR genehmigt wurden (wie Standardvertragsklauselen) mit unseren externen Dienstleistern, was denselben Schutz personenbezogener Daten vorschreibt wie im Vereinigten K\u00f6nigreich\/EWR.<\/p><\/li><\/ul><hr data-path-to-node=\"26\"><h6 data-path-to-node=\"27\">6. Offenlegung Ihrer pers\u00f6nlichen Daten<\/h6><p data-path-to-node=\"28\">Wir k\u00f6nnen Ihre pers\u00f6nlichen Daten mit den folgenden Parteien teilen:<\/p><ul data-path-to-node=\"29\"><li><p data-path-to-node=\"29,0,0\"><b>Interne Dritte:<\/b> Andere Unternehmen innerhalb der Endoline-Gruppe fungieren als Joint Controllers oder Prozessoren.<\/p><\/li><li><p data-path-to-node=\"29,1,0\"><b>Externe Dritte:<\/b> Dienstanbieter, die IT-, Systemadministration-, E-Mail- und Hosting-Dienste anbieten; Banken und Finanzdienstleister zur Erleichterung von Transaktionen; Liefer- und Logistikpartner, um Ihre Bestellungen zu erf\u00fcllen; professionelle Berater (z. B. Juristen, Buchhalter); und Regulierungsbeh\u00f6rden.<\/p><\/li><\/ul><hr data-path-to-node=\"30\"><h6 data-path-to-node=\"31\">7. Cookies und automatisierte Technologien<\/h6><p data-path-to-node=\"32\">Wir erfassen automatisch technische Daten \u00fcber Ihre Ger\u00e4te und Browsing-Muster mithilfe von Cookies. Wir nutzen sie, um: <\/p><ul data-path-to-node=\"33\"><li><p data-path-to-node=\"33,0,0\">Erkennt dich und dein Ger\u00e4t.<\/p><\/li><li><p data-path-to-node=\"33,1,0\">Sammeln Sie Informationen dar\u00fcber, wie Sie unsere Website nutzen.<\/p><\/li><li><p data-path-to-node=\"33,2,0\">Verbessern Sie das Nutzererlebnis und personalisieren Sie Inhalte.<\/p><\/li><\/ul><p data-path-to-node=\"34\">Sie k\u00f6nnen Ihren Browser so einstellen, dass er alle oder einige Cookies ablehnt. Wenn Sie Cookies deaktivieren oder ablehnen, beachten Sie bitte, dass einige Teile der Website m\u00f6glicherweise nicht ordnungsgem\u00e4\u00df funktionieren. <\/p><hr data-path-to-node=\"35\"><h6 data-path-to-node=\"36\">8. Datenspeicherung<\/h6><p data-path-to-node=\"37\">Wir bewahren<span class=\"citation-65 citation-end-65\"> Ihre personenbezogenen Daten nur so lange auf, wie es vern\u00fcnftigerweise notwendig ist, um die Zwecke zu erf\u00fcllen, f\u00fcr die wir sie gesammelt haben, einschlie\u00dflich der Erf\u00fcllung rechtlicher, regulatorischer, steuerlicher, buchhalterischer oder berichterstattlicher Anforderungen.<\/span><\/p><div class=\"source-inline-chip-container ng-star-inserted\"> <\/div><hr data-path-to-node=\"38\"><h6 data-path-to-node=\"39\"><span class=\"citation-64 citation-end-64\">9. Ihre rechtlichen Rechte<\/span><\/h6><p data-path-to-node=\"40\">Nach Datenschutzgesetzen haben Sie Rechte in Bezug auf Ihre pers\u00f6nlichen Daten:<\/p><ul data-path-to-node=\"41\"><li><p data-path-to-node=\"41,0,0\"><b>Fordern Sie Zugang<\/b> zu Ihren pers\u00f6nlichen Daten an.<\/p><\/li><li><p data-path-to-node=\"41,1,0\"><b>Fordern Sie eine Korrektur<\/b> der pers\u00f6nlichen Daten an, die wir \u00fcber Sie besitzen.<\/p><\/li><li><p data-path-to-node=\"41,2,0\"><b>Fordern Sie die L\u00f6schung<\/b> Ihrer pers\u00f6nlichen Daten an.<\/p><\/li><li><p data-path-to-node=\"41,3,0\"><b>Einspruch gegen die Verarbeitung<\/b> Ihrer pers\u00f6nlichen Daten.<\/p><\/li><li><p data-path-to-node=\"41,4,0\"><b>Beantrage die Einschr\u00e4nkung<\/b> der Bearbeitung.<\/p><\/li><li><p data-path-to-node=\"41,5,0\"><b>Fordern Sie die \u00dcbertragung<\/b> Ihrer pers\u00f6nlichen Daten an.<\/p><\/li><li><p data-path-to-node=\"41,6,0\"><b>Entziehen Sie die Einwilligung<\/b> , wenn wir uns auf die Einwilligung verlassen, um Ihre Daten zu verarbeiten.<\/p><\/li><\/ul><p data-path-to-node=\"42\">Um eines dieser Rechte auszu\u00fcben, kontaktieren Sie uns bitte unter <b>sales@endoline-automation.com<\/b>. Um sich vom Marketing abzumelden, k\u00f6nnen Sie auch den <b>Abmeldelink<\/b> in jeder Marketing-E-Mail verwenden. <\/p><p data-path-to-node=\"43\">Wenn Sie Bedenken haben, haben Sie das Recht, sich beim <b>Information Commissioner&#8217;s Office (ICO) (www.ico.org.uk)<\/b> zu beschweren.<a href=\"http:\/\/ico.org.uk\" target=\"_blank\" rel=\"noopener\"> Wir w\u00fcrden es sch\u00e4tzen, Ihre Anliegen zuerst zu kl\u00e4ren, also kontaktieren Sie uns bitte zun\u00e4chst sofort.<\/a> <\/p>\t\t\t\t\t\t\t\t<\/div>\n\t\t\t\t\t<\/div>\n\t\t\t\t<\/div>\n\t\t\t\t<\/div>\n\t\t","protected":false},"excerpt":{"rendered":"<p>Startseite Datenschutzrichtlinie von Endoline Machinery Ltd Wirksamkeitsdatum: 15. Dezember 2025 Zuletzt aktualisiert: 15. Dezember 2025 Endoline Machinery Ltd (&#8222;Wir&#8222;, &#8222;Wir&#8222;, &#8222;Uns&#8222;) verpflichtet sich, Ihre Privatsph\u00e4re zu sch\u00fctzen und zu respektieren. Wir erf\u00fcllen alle geltenden Anforderungen der Datenschutzgesetze, einschlie\u00dflich der britischen Datenschutzverordnung (UK DSGVO), des Datenschutzgesetzes 2018 und anderer relevanter internationaler Datenschutzgesetze. Diese Richtlinie legt die [&hellip;]<\/p>\n","protected":false},"author":1,"featured_media":0,"parent":0,"menu_order":0,"comment_status":"closed","ping_status":"closed","template":"elementor_header_footer","meta":{"footnotes":""},"page-category-1":[],"sealing":[],"operation":[],"minimum-width":[],"minimum-length":[],"minimum-height":[],"maximum-width":[],"maximum-length":[],"maximum-height":[],"machine-type":[],"flexibility":[],"cases-per-minute":[],"class_list":["post-6529","page","type-page","status-publish","hentry"],"_links":{"self":[{"href":"https:\/\/endoline-automation.com\/de\/wp-json\/wp\/v2\/pages\/6529","targetHints":{"allow":["GET"]}}],"collection":[{"href":"https:\/\/endoline-automation.com\/de\/wp-json\/wp\/v2\/pages"}],"about":[{"href":"https:\/\/endoline-automation.com\/de\/wp-json\/wp\/v2\/types\/page"}],"author":[{"embeddable":true,"href":"https:\/\/endoline-automation.com\/de\/wp-json\/wp\/v2\/users\/1"}],"replies":[{"embeddable":true,"href":"https:\/\/endoline-automation.com\/de\/wp-json\/wp\/v2\/comments?post=6529"}],"version-history":[{"count":1,"href":"https:\/\/endoline-automation.com\/de\/wp-json\/wp\/v2\/pages\/6529\/revisions"}],"predecessor-version":[{"id":6530,"href":"https:\/\/endoline-automation.com\/de\/wp-json\/wp\/v2\/pages\/6529\/revisions\/6530"}],"wp:attachment":[{"href":"https:\/\/endoline-automation.com\/de\/wp-json\/wp\/v2\/media?parent=6529"}],"wp:term":[{"taxonomy":"page-category-1","embeddable":true,"href":"https:\/\/endoline-automation.com\/de\/wp-json\/wp\/v2\/page-category-1?post=6529"},{"taxonomy":"sealing","embeddable":true,"href":"https:\/\/endoline-automation.com\/de\/wp-json\/wp\/v2\/sealing?post=6529"},{"taxonomy":"operation","embeddable":true,"href":"https:\/\/endoline-automation.com\/de\/wp-json\/wp\/v2\/operation?post=6529"},{"taxonomy":"minimum-width","embeddable":true,"href":"https:\/\/endoline-automation.com\/de\/wp-json\/wp\/v2\/minimum-width?post=6529"},{"taxonomy":"minimum-length","embeddable":true,"href":"https:\/\/endoline-automation.com\/de\/wp-json\/wp\/v2\/minimum-length?post=6529"},{"taxonomy":"minimum-height","embeddable":true,"href":"https:\/\/endoline-automation.com\/de\/wp-json\/wp\/v2\/minimum-height?post=6529"},{"taxonomy":"maximum-width","embeddable":true,"href":"https:\/\/endoline-automation.com\/de\/wp-json\/wp\/v2\/maximum-width?post=6529"},{"taxonomy":"maximum-length","embeddable":true,"href":"https:\/\/endoline-automation.com\/de\/wp-json\/wp\/v2\/maximum-length?post=6529"},{"taxonomy":"maximum-height","embeddable":true,"href":"https:\/\/endoline-automation.com\/de\/wp-json\/wp\/v2\/maximum-height?post=6529"},{"taxonomy":"machine-type","embeddable":true,"href":"https:\/\/endoline-automation.com\/de\/wp-json\/wp\/v2\/machine-type?post=6529"},{"taxonomy":"flexibility","embeddable":true,"href":"https:\/\/endoline-automation.com\/de\/wp-json\/wp\/v2\/flexibility?post=6529"},{"taxonomy":"cases-per-minute","embeddable":true,"href":"https:\/\/endoline-automation.com\/de\/wp-json\/wp\/v2\/cases-per-minute?post=6529"}],"curies":[{"name":"wp","href":"https:\/\/api.w.org\/{rel}","templated":true}]}}