{"id":4460,"date":"2026-03-15T15:10:55","date_gmt":"2026-03-15T15:10:55","guid":{"rendered":"https:\/\/endoline-automation.com\/declaracion-de-accesibilidad\/"},"modified":"2026-05-13T15:51:04","modified_gmt":"2026-05-13T15:51:04","slug":"declaracion-de-accesibilidad","status":"publish","type":"page","link":"https:\/\/endoline-automation.com\/es\/declaracion-de-accesibilidad\/","title":{"rendered":"Declaraci\u00f3n de accesibilidad"},"content":{"rendered":"\n<h6 class=\"wp-block-heading has-text-align-center\">Declaraci\u00f3n de accesibilidad para https:\/\/endoline-automation.com<\/h6>\n\n<p><strong>Endoline Automation<\/strong> est\u00e1 comprometida con garantizar la accesibilidad digital para las personas con discapacidad. Estamos mejorando continuamente la experiencia del usuario para todos y aplicando los est\u00e1ndares de accesibilidad pertinentes. <\/p>\n\n<h6 class=\"wp-block-heading\">Estado de conformidad<\/h6>\n\n<p>Las Directrices de Accesibilidad de Contenidos Web (WCAG) definen los requisitos para dise\u00f1adores y desarrolladores que mejoran la accesibilidad para las personas con discapacidad. Define tres niveles de conformidad: Nivel A, Nivel AA y Nivel AAA. <\/p>\n\n<p><strong>Endoline Automation<\/strong> est\u00e1 haciendo esfuerzos constantes para mejorar la accesibilidad de su sitio y servicios, creyendo que es nuestra obligaci\u00f3n moral colectiva permitir un uso fluido, accesible y sin obst\u00e1culos para quienes tenemos discapacidad.<\/p>\n\n<p>Nuestro objetivo es que todas las p\u00e1ginas y contenidos de <strong>https:\/\/endoline-automation.com<\/strong> sean accesibles, aunque algunos contenidos a\u00fan no cumplen completamente con los m\u00e1s altos est\u00e1ndares de accesibilidad. Esto podr\u00eda deberse a dificultades para identificar la soluci\u00f3n tecnol\u00f3gica m\u00e1s adecuada. <\/p>\n\n<p>Podemos revisar esta Declaraci\u00f3n peri\u00f3dicamente para reflejar mejoras o cambios en nuestras pr\u00e1cticas de accesibilidad.<\/p>\n\n<h6 class=\"wp-block-heading\">Retroalimentaci\u00f3n<\/h6>\n\n<p>Agradecemos vuestros comentarios sobre la accesibilidad del sitio web <strong>de Endoline Automation<\/strong> . Por favor, h\u00e1znos saber si encuentra barreras de accesibilidad en nuestra p\u00e1gina web: <\/p>\n\n<p>Correo electr\u00f3nico: <strong>sales@endoline-automation.com<\/strong><\/p>\n\n<p>Intentamos responder a los comentarios en un plazo de 3 a 5 d\u00edas laborables.<\/p>\n\n<p>Esta declaraci\u00f3n fue creada el 15\/3\/2026.  <\/p>\n","protected":false},"excerpt":{"rendered":"<p>Declaraci\u00f3n de accesibilidad para https:\/\/endoline-automation.com Endoline Automation est\u00e1 comprometida con garantizar la accesibilidad digital para las personas con discapacidad. Estamos mejorando continuamente la experiencia del usuario para todos y aplicando los est\u00e1ndares de accesibilidad pertinentes. Estado de conformidad Las Directrices de Accesibilidad de Contenidos Web (WCAG) definen los requisitos para dise\u00f1adores y desarrolladores que mejoran [&hellip;]<\/p>\n","protected":false},"author":1,"featured_media":0,"parent":0,"menu_order":0,"comment_status":"closed","ping_status":"closed","template":"","meta":{"footnotes":""},"page-category-1":[],"sealing":[],"operation":[],"minimum-width":[],"minimum-length":[],"minimum-height":[],"maximum-width":[],"maximum-length":[],"maximum-height":[],"machine-type":[],"flexibility":[],"cases-per-minute":[],"class_list":["post-4460","page","type-page","status-publish","hentry"],"_links":{"self":[{"href":"https:\/\/endoline-automation.com\/es\/wp-json\/wp\/v2\/pages\/4460","targetHints":{"allow":["GET"]}}],"collection":[{"href":"https:\/\/endoline-automation.com\/es\/wp-json\/wp\/v2\/pages"}],"about":[{"href":"https:\/\/endoline-automation.com\/es\/wp-json\/wp\/v2\/types\/page"}],"author":[{"embeddable":true,"href":"https:\/\/endoline-automation.com\/es\/wp-json\/wp\/v2\/users\/1"}],"replies":[{"embeddable":true,"href":"https:\/\/endoline-automation.com\/es\/wp-json\/wp\/v2\/comments?post=4460"}],"version-history":[{"count":3,"href":"https:\/\/endoline-automation.com\/es\/wp-json\/wp\/v2\/pages\/4460\/revisions"}],"predecessor-version":[{"id":4467,"href":"https:\/\/endoline-automation.com\/es\/wp-json\/wp\/v2\/pages\/4460\/revisions\/4467"}],"wp:attachment":[{"href":"https:\/\/endoline-automation.com\/es\/wp-json\/wp\/v2\/media?parent=4460"}],"wp:term":[{"taxonomy":"page-category-1","embeddable":true,"href":"https:\/\/endoline-automation.com\/es\/wp-json\/wp\/v2\/page-category-1?post=4460"},{"taxonomy":"sealing","embeddable":true,"href":"https:\/\/endoline-automation.com\/es\/wp-json\/wp\/v2\/sealing?post=4460"},{"taxonomy":"operation","embeddable":true,"href":"https:\/\/endoline-automation.com\/es\/wp-json\/wp\/v2\/operation?post=4460"},{"taxonomy":"minimum-width","embeddable":true,"href":"https:\/\/endoline-automation.com\/es\/wp-json\/wp\/v2\/minimum-width?post=4460"},{"taxonomy":"minimum-length","embeddable":true,"href":"https:\/\/endoline-automation.com\/es\/wp-json\/wp\/v2\/minimum-length?post=4460"},{"taxonomy":"minimum-height","embeddable":true,"href":"https:\/\/endoline-automation.com\/es\/wp-json\/wp\/v2\/minimum-height?post=4460"},{"taxonomy":"maximum-width","embeddable":true,"href":"https:\/\/endoline-automation.com\/es\/wp-json\/wp\/v2\/maximum-width?post=4460"},{"taxonomy":"maximum-length","embeddable":true,"href":"https:\/\/endoline-automation.com\/es\/wp-json\/wp\/v2\/maximum-length?post=4460"},{"taxonomy":"maximum-height","embeddable":true,"href":"https:\/\/endoline-automation.com\/es\/wp-json\/wp\/v2\/maximum-height?post=4460"},{"taxonomy":"machine-type","embeddable":true,"href":"https:\/\/endoline-automation.com\/es\/wp-json\/wp\/v2\/machine-type?post=4460"},{"taxonomy":"flexibility","embeddable":true,"href":"https:\/\/endoline-automation.com\/es\/wp-json\/wp\/v2\/flexibility?post=4460"},{"taxonomy":"cases-per-minute","embeddable":true,"href":"https:\/\/endoline-automation.com\/es\/wp-json\/wp\/v2\/cases-per-minute?post=4460"}],"curies":[{"name":"wp","href":"https:\/\/api.w.org\/{rel}","templated":true}]}}